{"id":3,"date":"2022-08-25T08:01:33","date_gmt":"2022-08-25T08:01:33","guid":{"rendered":"https:\/\/www.pspsycho.sk\/?page_id=3"},"modified":"2022-10-24T19:31:48","modified_gmt":"2022-10-24T19:31:48","slug":"privacy-policy","status":"publish","type":"page","link":"https:\/\/www.pspsycho.sk\/index.php\/privacy-policy\/","title":{"rendered":"Ochrana osobn\u00fdch \u00fadajov"},"content":{"rendered":"\t\t<div data-elementor-type=\"wp-page\" data-elementor-id=\"3\" class=\"elementor elementor-3\">\n\t\t\t\t\t\t\t\t\t<section class=\"elementor-section elementor-top-section elementor-element elementor-element-e4590c8 elementor-section-boxed elementor-section-height-default elementor-section-height-default\" data-id=\"e4590c8\" data-element_type=\"section\">\n\t\t\t\t\t\t<div class=\"elementor-container elementor-column-gap-default\">\n\t\t\t\t\t<div class=\"elementor-column elementor-col-100 elementor-top-column elementor-element elementor-element-57d2e70c\" data-id=\"57d2e70c\" data-element_type=\"column\">\n\t\t\t<div class=\"elementor-widget-wrap elementor-element-populated\">\n\t\t\t\t\t\t\t\t<div class=\"elementor-element elementor-element-73e95214 elementor-widget elementor-widget-text-editor\" data-id=\"73e95214\" data-element_type=\"widget\" data-widget_type=\"text-editor.default\">\n\t\t\t\t<div class=\"elementor-widget-container\">\n\t\t\t<style>\/*! elementor - v3.7.4 - 31-08-2022 *\/\n.elementor-widget-text-editor.elementor-drop-cap-view-stacked .elementor-drop-cap{background-color:#818a91;color:#fff}.elementor-widget-text-editor.elementor-drop-cap-view-framed .elementor-drop-cap{color:#818a91;border:3px solid;background-color:transparent}.elementor-widget-text-editor:not(.elementor-drop-cap-view-default) .elementor-drop-cap{margin-top:8px}.elementor-widget-text-editor:not(.elementor-drop-cap-view-default) .elementor-drop-cap-letter{width:1em;height:1em}.elementor-widget-text-editor .elementor-drop-cap{float:left;text-align:center;line-height:1;font-size:50px}.elementor-widget-text-editor .elementor-drop-cap-letter{display:inline-block}<\/style>\t\t\t\t<p><!-- wp:heading --><\/p>\n<div data-id=\"1e299a8\" data-element_type=\"widget\" data-widget_type=\"litho-heading.default\">\n<div>\n<h3>S\u00fahlas so spracovan\u00edm osobn\u00fdch \u00fadajov<\/h3>\n<\/div>\n<\/div>\n<div data-id=\"6a28a49\" data-element_type=\"widget\" data-widget_type=\"text-editor.default\">\n<div>\n<p>S\u00fahlasom so spracovan\u00ed osobn\u00fdch \u00fadajov povo\u013euje dotknut\u00e1 osoba spolo\u010dnosti PSPsycho s.r.o. , so s\u00eddlom Moj\u0161 333, 010 01 Moj\u0161, I\u010cO: 54298831 (\u010ealej len \u201eSpr\u00e1vca\u201c), aby v zmysle z\u00e1kona \u010d. 18\/2018 Z. z. o ochrane osobn\u00fdch \u00fadajov a o zmene a doplnen\u00ed niektor\u00fdch z\u00e1konov (\u010falej len \u201ez\u00e1kon o ochrane osobn\u00fdch \u00fadajov\u201c) spracov\u00e1vala tieto osobn\u00e9 \u00fadaje dotknutej osoby:<\/p>\n<ul>\n<li>meno a priezvisko<\/li>\n<li>e-mail<\/li>\n<li>telef\u00f3nne \u010d\u00edslo<\/li>\n<\/ul>\n<p>Meno, priezvisko, telef\u00f3nne \u010d\u00edslo a e-mail je nutn\u00e9 spracova\u0165 za \u00fa\u010delom poskytnutia slu\u017eieb. Tieto \u00fadaje bud\u00fa Spr\u00e1vcom spracovan\u00e9 po dobu 2 rokov.<\/p>\n<p>\u00a0<\/p>\n<\/div>\n<\/div>\n<div data-id=\"1c09845\" data-element_type=\"widget\" data-widget_type=\"litho-heading.default\">\n<div>\n<h3>Spracovanie osobn\u00fdch \u00fadajov<\/h3>\n<\/div>\n<\/div>\n<div data-id=\"cf5ae8f\" data-element_type=\"widget\" data-widget_type=\"text-editor.default\">\n<div>\n<p>S\u00fahlasom so spracovan\u00ed osobn\u00fdch \u00fadajov ude\u013euje dotknut\u00e1 osoba svoj v\u00fdslovn\u00fd s\u00fahlas s vy\u0161\u0161ie uveden\u00fdm spracovan\u00edm. S\u00fahlas mo\u017eno vzia\u0165 kedyko\u013evek sp\u00e4\u0165, a to napr\u00edklad zaslan\u00edm emailu alebo zaslan\u00edm listu na kontaktn\u00e9 \u00fadaje spr\u00e1vcovskej spolo\u010dnosti info@pspsycho.sk\u00a0alebo\u00a0<span style=\"background-color: var(--ast-global-color-5);\">Moj\u0161 333,\u00a0<\/span><span style=\"font-style: inherit; font-weight: inherit; background-color: var(--ast-global-color-5); color: var(--ast-global-color-3);\">010 01 Moj\u0161<\/span><\/p>\n<p>Spracovanie osobn\u00fdch \u00fadajov je vykon\u00e1van\u00e9 Spr\u00e1vcom.<\/p>\n<\/div>\n<\/div>\n<div data-id=\"d89fc4c\" data-element_type=\"widget\" data-widget_type=\"litho-heading.default\">\n<div>\n<h3>Pr\u00e1va na opravu, zabudnutie a pr\u00edstup k osobn\u00fdm \u00fadajom dotknutej osoby<\/h3>\n<\/div>\n<\/div>\n<div data-id=\"a4e0df5\" data-element_type=\"widget\" data-widget_type=\"text-editor.default\">\n<div>\n<p>Pros\u00edm vezmite na vedomie, \u017ee pod\u013ea z\u00e1kona o ochrane osobn\u00fdch \u00fadajov m\u00e1 dotknut\u00e1 osoba pr\u00e1vo:<\/p>\n<ul>\n<li>vzia\u0165 s\u00fahlas kedyko\u013evek sp\u00e4\u0165,<\/li>\n<li>vy\u017eiada\u0165 od n\u00e1s inform\u00e1ciu, ak\u00e9 va\u0161e osobn\u00e9 \u00fadaje spracov\u00e1vame,<\/li>\n<li>vy\u017eiada\u0165 od n\u00e1s vysvetlenie oh\u013eadne spracovania osobn\u00fdch \u00fadajov,<\/li>\n<li>vy\u017eiada\u0165 si u n\u00e1s v\u00fdpis t\u00fdchto \u00fadajov a tieto necha\u0165 aktualizova\u0165 alebo opravi\u0165,<\/li>\n<li>po\u017eadova\u0165 od n\u00e1s vymazanie t\u00fdchto osobn\u00fdch \u00fadajov,<\/li>\n<li>v pr\u00edpade pochybnost\u00ed o dodr\u017eiavan\u00ed povinnost\u00ed s\u00favisiacich so spracovan\u00edm osobn\u00fdch \u00fadajov obr\u00e1ti\u0165 sa na n\u00e1s alebo na \u00darad na ochranu osobn\u00fdch \u00fadajov.<\/li>\n<\/ul>\n<\/div>\n<\/div>\n<p><!-- \/wp:paragraph --><\/p>\t\t\t\t\t\t<\/div>\n\t\t\t\t<\/div>\n\t\t\t\t\t<\/div>\n\t\t<\/div>\n\t\t\t\t\t\t\t<\/div>\n\t\t<\/section>\n\t\t\t\t\t\t\t<\/div>\n\t\t","protected":false},"excerpt":{"rendered":"<p>S\u00fahlas so spracovan\u00edm osobn\u00fdch \u00fadajov S\u00fahlasom so spracovan\u00ed osobn\u00fdch \u00fadajov povo\u013euje dotknut\u00e1 osoba spolo\u010dnosti PSPsycho s.r.o. , so s\u00eddlom Moj\u0161 333, 010 01 Moj\u0161, I\u010cO: 54298831 (\u010ealej len \u201eSpr\u00e1vca\u201c), aby v zmysle z\u00e1kona \u010d. 18\/2018 Z. z. o ochrane osobn\u00fdch \u00fadajov a o zmene a doplnen\u00ed niektor\u00fdch z\u00e1konov (\u010falej len \u201ez\u00e1kon o ochrane osobn\u00fdch \u00fadajov\u201c) &hellip;<\/p>\n<p class=\"read-more\"> <a class=\"\" href=\"https:\/\/www.pspsycho.sk\/index.php\/privacy-policy\/\"> <span class=\"screen-reader-text\">Ochrana osobn\u00fdch \u00fadajov<\/span> \u010c\u00edtajte viac &raquo;<\/a><\/p>\n","protected":false},"author":1,"featured_media":0,"parent":0,"menu_order":0,"comment_status":"closed","ping_status":"open","template":"","meta":{"site-sidebar-layout":"default","site-content-layout":"default","ast-global-header-display":"","ast-main-header-display":"","ast-hfb-above-header-display":"","ast-hfb-below-header-display":"","ast-hfb-mobile-header-display":"","site-post-title":"","ast-breadcrumbs-content":"","ast-featured-img":"","footer-sml-layout":"","theme-transparent-header-meta":"","adv-header-id-meta":"","stick-header-meta":"","header-above-stick-meta":"","header-main-stick-meta":"","header-below-stick-meta":"","footnotes":""},"class_list":["post-3","page","type-page","status-publish","hentry"],"_links":{"self":[{"href":"https:\/\/www.pspsycho.sk\/index.php\/wp-json\/wp\/v2\/pages\/3","targetHints":{"allow":["GET"]}}],"collection":[{"href":"https:\/\/www.pspsycho.sk\/index.php\/wp-json\/wp\/v2\/pages"}],"about":[{"href":"https:\/\/www.pspsycho.sk\/index.php\/wp-json\/wp\/v2\/types\/page"}],"author":[{"embeddable":true,"href":"https:\/\/www.pspsycho.sk\/index.php\/wp-json\/wp\/v2\/users\/1"}],"replies":[{"embeddable":true,"href":"https:\/\/www.pspsycho.sk\/index.php\/wp-json\/wp\/v2\/comments?post=3"}],"version-history":[{"count":7,"href":"https:\/\/www.pspsycho.sk\/index.php\/wp-json\/wp\/v2\/pages\/3\/revisions"}],"predecessor-version":[{"id":24839,"href":"https:\/\/www.pspsycho.sk\/index.php\/wp-json\/wp\/v2\/pages\/3\/revisions\/24839"}],"wp:attachment":[{"href":"https:\/\/www.pspsycho.sk\/index.php\/wp-json\/wp\/v2\/media?parent=3"}],"curies":[{"name":"wp","href":"https:\/\/api.w.org\/{rel}","templated":true}]}}